{"id":16615,"date":"2017-02-16T19:11:11","date_gmt":"2017-02-16T18:11:11","guid":{"rendered":"http:\/\/www.legrouperenaud.ca\/?page_id=16615\/"},"modified":"2017-04-18T15:52:48","modified_gmt":"2017-04-18T20:52:48","slug":"careers","status":"publish","type":"page","link":"https:\/\/www.legrouperenaud.ca\/en\/careers\/","title":{"rendered":"Careers"},"content":{"rendered":"<div class=\"wpb-content-wrapper\"><p>[vc_row css_animation=&#8221;&#8221; row_type=&#8221;row&#8221; use_row_as_full_screen_section=&#8221;no&#8221; type=&#8221;full_width&#8221; angled_section=&#8221;no&#8221; text_align=&#8221;left&#8221; background_image_as_pattern=&#8221;without_pattern&#8221;][vc_column][vc_column_text el_class=&#8221;class_to_make_everything_better&#8221;]<\/p>\n<h3><strong>Arboriculturist-Pruner<\/strong><\/h3>\n<p>Le Groupe Renaud is looking for a reliable employee with permit and experience. Please do not apply if you have no experience in the field.<\/p>\n<p>Required qualifications: A vocational certificate in arboriculture-pruning or 3 years of experience. Good physical form and endurance. Valid drivers license (category 3).<\/p>\n<p>As part of your job, you will prune, cut down and heal trees in green and private spaces, while using appropriate techniques and material.<\/p>\n<p>You will also ensure they are healthy and vigorous, and will enhance their appearance.<\/p>\n<p>Specifically, you will cut down dead branches, prune healthy branches in young and mature trees and add guying lines to trees.<\/p>\n<p>Compensation: Hourly rate between $18 and $30<\/p>\n<h3><\/h3>\n<h3><strong>Horticulturist <\/strong><\/h3>\n<p>Le Groupe Renaud is looking for a reliable employee with permit and experience. Please do not apply if you have no experience in the field.<\/p>\n<p>Required qualifications: A vocational certificate in landscaping-horticulture or 3 years of experience. Good physical form and endurance. Valid drivers license (category 5).<\/p>\n<p>CD4 certificate holders for pesticide spraying will be given priority.<\/p>\n<p>As part of your job, you will take care of maintaining urban landscapes in prestigious properties.<\/p>\n<p>Specifically, you will maintain flower beds, cut hedges, bushes and perennials, plant annual flowers, etc.<\/p>\n<p>Compensation: Hourly rate between $14 and $22[\/vc_column_text][\/vc_column][\/vc_row]<\/p>\n<\/div>","protected":false},"excerpt":{"rendered":"<p>[vc_row css_animation=&#8221;&#8221; row_type=&#8221;row&#8221; use_row_as_full_screen_section=&#8221;no&#8221; type=&#8221;full_width&#8221; angled_section=&#8221;no&#8221; text_align=&#8221;left&#8221; background_image_as_pattern=&#8221;without_pattern&#8221;][vc_column][vc_column_text el_class=&#8221;class_to_make_everything_better&#8221;] Arboriculturist-Pruner Le Groupe Renaud is looking for a reliable employee with permit and experience. Please do not apply if you have no experience in the field. Required qualifications: A vocational certificate in arboriculture-pruning or 3 years&#8230;<\/p>\n","protected":false},"author":1,"featured_media":0,"parent":0,"menu_order":0,"comment_status":"closed","ping_status":"closed","template":"","meta":{"_acf_changed":false,"footnotes":""},"class_list":["post-16615","page","type-page","status-publish","hentry"],"acf":[],"yoast_head":"<!-- This site is optimized with the Yoast SEO plugin v23.7 - https:\/\/yoast.com\/wordpress\/plugins\/seo\/ -->\n<title>Carri\u00e8res | Le Groupe Renaud | Gatineau - Outaouais<\/title>\n<meta name=\"description\" content=\"Faites carri\u00e8re chez nous ! Vous avez de l&#039;exp\u00e9rience comme Arboriculteur, \u00c9lageur ou horticulteur ; faites nous parvenir votre CV.\" \/>\n<meta name=\"robots\" content=\"index, follow, max-snippet:-1, max-image-preview:large, max-video-preview:-1\" \/>\n<link rel=\"canonical\" href=\"https:\/\/www.legrouperenaud.ca\/en\/careers\/\" \/>\n<meta property=\"og:locale\" content=\"en_US\" \/>\n<meta property=\"og:type\" content=\"article\" \/>\n<meta property=\"og:title\" content=\"Carri\u00e8res | Le Groupe Renaud | Gatineau - Outaouais\" \/>\n<meta property=\"og:description\" content=\"Faites carri\u00e8re chez nous ! Vous avez de l&#039;exp\u00e9rience comme Arboriculteur, \u00c9lageur ou horticulteur ; faites nous parvenir votre CV.\" \/>\n<meta property=\"og:url\" content=\"https:\/\/www.legrouperenaud.ca\/en\/careers\/\" \/>\n<meta property=\"og:site_name\" content=\"Le Groupe Renaud\" \/>\n<meta property=\"article:modified_time\" content=\"2017-04-18T20:52:48+00:00\" \/>\n<meta name=\"twitter:card\" content=\"summary_large_image\" \/>\n<meta name=\"twitter:label1\" content=\"Est. reading time\" \/>\n\t<meta name=\"twitter:data1\" content=\"1 minute\" \/>\n<script type=\"application\/ld+json\" class=\"yoast-schema-graph\">{\"@context\":\"https:\/\/schema.org\",\"@graph\":[{\"@type\":\"WebPage\",\"@id\":\"https:\/\/www.legrouperenaud.ca\/en\/careers\/\",\"url\":\"https:\/\/www.legrouperenaud.ca\/en\/careers\/\",\"name\":\"Carri\u00e8res | Le Groupe Renaud | Gatineau - Outaouais\",\"isPartOf\":{\"@id\":\"https:\/\/www.legrouperenaud.ca\/#website\"},\"datePublished\":\"2017-02-16T18:11:11+00:00\",\"dateModified\":\"2017-04-18T20:52:48+00:00\",\"description\":\"Faites carri\u00e8re chez nous ! Vous avez de l'exp\u00e9rience comme Arboriculteur, \u00c9lageur ou horticulteur ; faites nous parvenir votre CV.\",\"breadcrumb\":{\"@id\":\"https:\/\/www.legrouperenaud.ca\/en\/careers\/#breadcrumb\"},\"inLanguage\":\"en-US\",\"potentialAction\":[{\"@type\":\"ReadAction\",\"target\":[\"https:\/\/www.legrouperenaud.ca\/en\/careers\/\"]}]},{\"@type\":\"BreadcrumbList\",\"@id\":\"https:\/\/www.legrouperenaud.ca\/en\/careers\/#breadcrumb\",\"itemListElement\":[{\"@type\":\"ListItem\",\"position\":1,\"name\":\"Home\",\"item\":\"http:\/\/www.legrouperenaud.ca\/en\/\"},{\"@type\":\"ListItem\",\"position\":2,\"name\":\"Careers\"}]},{\"@type\":\"WebSite\",\"@id\":\"https:\/\/www.legrouperenaud.ca\/#website\",\"url\":\"https:\/\/www.legrouperenaud.ca\/\",\"name\":\"Le Groupe Renaud\",\"description\":\"Le Groupe Renaud\",\"potentialAction\":[{\"@type\":\"SearchAction\",\"target\":{\"@type\":\"EntryPoint\",\"urlTemplate\":\"https:\/\/www.legrouperenaud.ca\/?s={search_term_string}\"},\"query-input\":{\"@type\":\"PropertyValueSpecification\",\"valueRequired\":true,\"valueName\":\"search_term_string\"}}],\"inLanguage\":\"en-US\"}]}<\/script>\n<!-- \/ Yoast SEO plugin. -->","yoast_head_json":{"title":"Carri\u00e8res | Le Groupe Renaud | Gatineau - Outaouais","description":"Faites carri\u00e8re chez nous ! Vous avez de l'exp\u00e9rience comme Arboriculteur, \u00c9lageur ou horticulteur ; faites nous parvenir votre CV.","robots":{"index":"index","follow":"follow","max-snippet":"max-snippet:-1","max-image-preview":"max-image-preview:large","max-video-preview":"max-video-preview:-1"},"canonical":"https:\/\/www.legrouperenaud.ca\/en\/careers\/","og_locale":"en_US","og_type":"article","og_title":"Carri\u00e8res | Le Groupe Renaud | Gatineau - Outaouais","og_description":"Faites carri\u00e8re chez nous ! Vous avez de l'exp\u00e9rience comme Arboriculteur, \u00c9lageur ou horticulteur ; faites nous parvenir votre CV.","og_url":"https:\/\/www.legrouperenaud.ca\/en\/careers\/","og_site_name":"Le Groupe Renaud","article_modified_time":"2017-04-18T20:52:48+00:00","twitter_card":"summary_large_image","twitter_misc":{"Est. reading time":"1 minute"},"schema":{"@context":"https:\/\/schema.org","@graph":[{"@type":"WebPage","@id":"https:\/\/www.legrouperenaud.ca\/en\/careers\/","url":"https:\/\/www.legrouperenaud.ca\/en\/careers\/","name":"Carri\u00e8res | Le Groupe Renaud | Gatineau - Outaouais","isPartOf":{"@id":"https:\/\/www.legrouperenaud.ca\/#website"},"datePublished":"2017-02-16T18:11:11+00:00","dateModified":"2017-04-18T20:52:48+00:00","description":"Faites carri\u00e8re chez nous ! Vous avez de l'exp\u00e9rience comme Arboriculteur, \u00c9lageur ou horticulteur ; faites nous parvenir votre CV.","breadcrumb":{"@id":"https:\/\/www.legrouperenaud.ca\/en\/careers\/#breadcrumb"},"inLanguage":"en-US","potentialAction":[{"@type":"ReadAction","target":["https:\/\/www.legrouperenaud.ca\/en\/careers\/"]}]},{"@type":"BreadcrumbList","@id":"https:\/\/www.legrouperenaud.ca\/en\/careers\/#breadcrumb","itemListElement":[{"@type":"ListItem","position":1,"name":"Home","item":"http:\/\/www.legrouperenaud.ca\/en\/"},{"@type":"ListItem","position":2,"name":"Careers"}]},{"@type":"WebSite","@id":"https:\/\/www.legrouperenaud.ca\/#website","url":"https:\/\/www.legrouperenaud.ca\/","name":"Le Groupe Renaud","description":"Le Groupe Renaud","potentialAction":[{"@type":"SearchAction","target":{"@type":"EntryPoint","urlTemplate":"https:\/\/www.legrouperenaud.ca\/?s={search_term_string}"},"query-input":{"@type":"PropertyValueSpecification","valueRequired":true,"valueName":"search_term_string"}}],"inLanguage":"en-US"}]}},"_links":{"self":[{"href":"https:\/\/www.legrouperenaud.ca\/en\/wp-json\/wp\/v2\/pages\/16615"}],"collection":[{"href":"https:\/\/www.legrouperenaud.ca\/en\/wp-json\/wp\/v2\/pages"}],"about":[{"href":"https:\/\/www.legrouperenaud.ca\/en\/wp-json\/wp\/v2\/types\/page"}],"author":[{"embeddable":true,"href":"https:\/\/www.legrouperenaud.ca\/en\/wp-json\/wp\/v2\/users\/1"}],"replies":[{"embeddable":true,"href":"https:\/\/www.legrouperenaud.ca\/en\/wp-json\/wp\/v2\/comments?post=16615"}],"version-history":[{"count":5,"href":"https:\/\/www.legrouperenaud.ca\/en\/wp-json\/wp\/v2\/pages\/16615\/revisions"}],"predecessor-version":[{"id":17174,"href":"https:\/\/www.legrouperenaud.ca\/en\/wp-json\/wp\/v2\/pages\/16615\/revisions\/17174"}],"wp:attachment":[{"href":"https:\/\/www.legrouperenaud.ca\/en\/wp-json\/wp\/v2\/media?parent=16615"}],"curies":[{"name":"wp","href":"https:\/\/api.w.org\/{rel}","templated":true}]}}